{"id":611,"date":"2017-02-17T09:25:09","date_gmt":"2017-02-17T08:25:09","guid":{"rendered":"https:\/\/www.hotelantonellamalcesine.it\/web-policy-privacy\/"},"modified":"2024-07-03T15:12:22","modified_gmt":"2024-07-03T13:12:22","slug":"web-policy-privacy","status":"publish","type":"page","link":"https:\/\/www.hotelantonellamalcesine.it\/de\/web-policy-privacy\/","title":{"rendered":"Web Policy Privacy"},"content":{"rendered":"<h2><span>Cookie-Richtlinie<\/span><\/h2>\n<p><strong><span>Cookie-Richtlinie<\/span><\/strong><\/p>\n<p><span>Diese Informationen gem\u00e4\u00df Art. 13 der DSGVO \u2013 EU-Verordnung 2016\/679 und Art. Art. 122 Gesetzesdekret 196\/2003 (im Folgenden \u201e&nbsp;<\/span><strong><span>Datenschutzkodex<\/span><\/strong><span>&nbsp;\u201c) beschreibt die Verwaltungsmethoden dieser Website, die Eigentum von&nbsp;<\/span><strong><span>HOTEL CASTELLO \u2013 SARA SrL ist<\/span><\/strong><span>&nbsp;. in Bezug auf die Verarbeitung personenbezogener Daten der Benutzer, die diese konsultieren, auch gem\u00e4\u00df den Bestimmungen der Bestimmung des Datenschutzgaranten vom 10.6.2021 \u201eRichtlinien f\u00fcr Cookies und andere Tracking-Tools\u201c (im Folgenden \u201e&nbsp;<\/span><strong><span>Bestimmung<\/span><\/strong><span>&nbsp;\u201c).<\/span><\/p>\n<p><span>Die Informationen werden nur f\u00fcr die oben genannte Website bereitgestellt und nicht f\u00fcr andere Websites oder Abschnitte\/Seiten\/Bereiche Dritter, die vom Benutzer \u00fcber bestimmte darin enthaltene Links aufgerufen werden k\u00f6nnen.<\/span><\/p>\n<p><strong><span>1. COOKIES UND IHRE KLASSIFIZIERUNG<\/span><\/strong><\/p>\n<p><strong><span>1.1. Kekse<\/span><\/strong><\/p>\n<p><strong><em><span>Was sind Cookies?<\/span><\/em><\/strong><\/p>\n<p><span>Cookies sind kleine Textdateien, die von der vom Nutzer besuchten Website an das Ger\u00e4t des Nutzers (in der Regel an den Browser) gesendet und dort gespeichert werden, damit das Ger\u00e4t beim n\u00e4chsten Besuch wiedererkannt werden kann. Tats\u00e4chlich werden bei jedem weiteren Besuch Cookies vom Ger\u00e4t des Benutzers an die Website zur\u00fcckgesendet.<\/span><\/p>\n<p><span>Jedes Cookie enth\u00e4lt im Allgemeinen: den Namen des Servers, von dem das Cookie gesendet wurde; das Ablaufdatum und einen Wert, normalerweise eine vom Computer zuf\u00e4llig generierte eindeutige Zahl. Der Website-Server, der das Cookie \u00fcbertr\u00e4gt, verwendet diese Nummer, um Sie zu erkennen, wenn Sie zu einer Website zur\u00fcckkehren oder von einer Seite zur anderen navigieren.<\/span><\/p>\n<p><span>Cookies k\u00f6nnen nicht nur vom selben Betreiber der vom Benutzer besuchten Website installiert werden (&nbsp;<\/span><strong><span>Erstanbieter-Cookies<\/span><\/strong><span>&nbsp;), sondern auch von einer anderen Website, die Cookies \u00fcber die erste Website installiert (&nbsp;<\/span><strong><span>Drittanbieter-Cookies<\/span><\/strong><span>&nbsp;) und diese erkennen kann. Dies liegt daran, dass die besuchte Website m\u00f6glicherweise Elemente (Bilder, Karten, Sounds, Links zu Webseiten anderer Domains usw.) enth\u00e4lt, die sich auf anderen Servern als dem der besuchten Website befinden.<\/span><br \/>\n<span>Basierend auf ihrem Zweck werden Cookies in&nbsp;&nbsp;<\/span><strong><span>technische Cookies<\/span><\/strong><span>&nbsp;&nbsp;und&nbsp;&nbsp;<\/span><strong><span>Statistik-\/Profiling-Cookies<\/span><\/strong><span>&nbsp;unterteilt .<\/span><\/p>\n<p><span>Technische Cookies werden ausschlie\u00dflich zu dem Zweck verwendet, \u201e&nbsp;<\/span><em><span>die \u00dcbertragung einer Kommunikation \u00fcber ein elektronisches Kommunikationsnetz durchzuf\u00fchren, oder soweit dies f\u00fcr den Anbieter eines Dienstes der Informationsgesellschaft unbedingt erforderlich ist, der vom Abonnenten oder Benutzer ausdr\u00fccklich zur Bereitstellung dieses Dienstes aufgefordert wird<\/span><\/em><span>&nbsp;\u201c. (&nbsp;<\/span><em><span>siehe<\/span><\/em><span>&nbsp;Art. 122 Abs. 1 des Datenschutzgesetzes). Insbesondere werden diese Cookies normalerweise verwendet, um eine effiziente Navigation zwischen Seiten zu erm\u00f6glichen, Benutzerpr\u00e4ferenzen (Sprache, Land usw.) zu speichern, eine Computerauthentifizierung durchzuf\u00fchren, den Warenkorb zu verwalten oder Online-Eink\u00e4ufe zu erm\u00f6glichen usw. Einige dieser Cookies (sogenannte essenzielle oder&nbsp;&nbsp;<\/span><em><span>unbedingt erforderlich<\/span><\/em><span>&nbsp;) erm\u00f6glichen Funktionen, ohne die die Ausf\u00fchrung einiger Vorg\u00e4nge nicht m\u00f6glich w\u00e4re. Gem\u00e4\u00df der oben genannten Kunst. 122, co. 1 des Datenschutzgesetzes erfordert die Verwendung technischer Cookies keine Einwilligung des Nutzers.<\/span><\/p>\n<p><span>Technische Cookies werden mit&nbsp;&nbsp;<\/span><strong><span>technischen Cookies gleichgesetzt. Analysen,&nbsp;<\/span><\/strong><span>&nbsp;wenn sie direkt vom Site-Manager verwendet werden, um aggregierte Informationen \u00fcber die Anzahl der Benutzer und die Art und Weise, wie sie die Site selbst besuchen, zu sammeln. Diese Cookies erm\u00f6glichen es den Eigent\u00fcmern und\/oder Verwaltern von Websites, zu verstehen, wie Benutzer mit den Inhalten der Website interagieren, um diese zu optimieren.<\/span><\/p>\n<p><strong><span>Profiling-Cookies<\/span><\/strong><span>&nbsp;&nbsp;hingegen werden verwendet, um die Navigation des Benutzers zu verfolgen, sein Verhalten f\u00fcr Marketingzwecke zu analysieren und Profile \u00fcber seine Vorlieben, Gewohnheiten, Entscheidungen usw. zu erstellen, um gezielte Werbebotschaften in Bezug auf die Interessen des Benutzers zu&nbsp;\u00fcbermitteln&nbsp;&nbsp;Benutzer selbst und entsprechend den von ihm in der Online-Navigation ge\u00e4u\u00dferten Pr\u00e4ferenzen. Diese Cookies k\u00f6nnen nur dann auf dem Endger\u00e4t des Benutzers installiert werden, wenn der Benutzer sein Einverst\u00e4ndnis mit den in der Bestimmung angegebenen vereinfachten Methoden ausgedr\u00fcckt hat.<\/span><\/p>\n<p><strong><span>Basierend auf ihrer Dauer werden Cookies in dauerhafte<\/span><\/strong><span>&nbsp;Cookies unterteilt&nbsp;&nbsp;, die bis zu ihrem Ablauf auf dem Ger\u00e4t des Benutzers gespeichert bleiben, sofern sie nicht vom Benutzer entfernt werden, und&nbsp;&nbsp;<\/span><strong><span>Sitzungscookies<\/span><\/strong><span>&nbsp;, die nicht dauerhaft auf dem Ger\u00e4t des Benutzers gespeichert werden und verschwinden, wenn der Browser geschlossen wird .<\/span><\/p>\n<p><strong><em><span>Welche Cookies werden von dieser Website verwendet?<\/span><\/em><\/strong><\/p>\n<h4><span>Google<\/span><\/h4>\n<p><span>Google<\/span><\/p>\n<table id=\"table_61c49b1061047\">\n<thead>\n<tr>\n<th><span>Name<\/span><\/th>\n<th><span>URL<\/span><\/th>\n<th><span>Beschreibung<\/span><\/th>\n<th><span>Dauer<\/span><\/th>\n<\/tr>\n<\/thead>\n<tbody>\n<tr>\n<td><span>_GRECAPTCHA<\/span><\/td>\n<td><span>.Google.com<\/span><\/td>\n<td><span>Dieses Cookie wird vom Google-Recaptcha-Dienst gesetzt, um Bots zu identifizieren und die Website vor b\u00f6swilligen Spam-Angriffen zu sch\u00fctzen.<\/span><\/td>\n<td><span>5 Monate 27 Tage<\/span><\/td>\n<\/tr>\n<\/tbody>\n<\/table>\n<p><span>In jedem Fall ist zu beachten, dass Benutzer ihre Pr\u00e4ferenzen f\u00fcr verhaltensbezogene Online-Werbung (sog. \u201eVerhaltensbezogene Online-Werbung\u201c) \u00fcber die Website&nbsp;&nbsp;<\/span><a href=\"http:\/\/www.youronlinechoices.com\/it\" target=\"_blank\" rel=\"noopener\"><span>www.youronlinechoices.com\/it<\/span><\/a><span>&nbsp;verwalten k\u00f6nnen , auf der die wichtigsten Anbieter von verhaltensbasierter Werbung aufgef\u00fchrt sind. \u00dcber diese Seite k\u00f6nnen Benutzer alle Unternehmen deaktivieren oder aktivieren oder alternativ ihre Pr\u00e4ferenzen individuell f\u00fcr jedes Unternehmen anpassen.<\/span><\/p>\n<p><strong><em><span>Wie kann ich Cookies deaktivieren\/\u00e4ndern?<\/span><\/em><\/strong><\/p>\n<p><span>Um die bereits in Cookies zum Ausdruck gebrachten Pr\u00e4ferenzen zu \u00e4ndern, gibt es auf der Website einen speziellen Link zum Kontrollfeld am Rand der Seiten oder in der Fu\u00dfzeile (unterer Teil) der Website.<\/span><br \/>\n<span>Standardm\u00e4\u00dfig sind fast alle Webbrowser so eingestellt, dass sie Cookies automatisch akzeptieren. Sie k\u00f6nnen diese Standardkonfiguration jedoch \u00fcber Ihre Browsereinstellungen \u00e4ndern. Das Deaktivieren\/Blockieren oder L\u00f6schen von Cookies k\u00f6nnte jedoch die optimale Nutzung einiger Bereiche der Website verhindern, die Nutzung einiger Dienste verhindern und die Navigation verlangsamen.<\/span><\/p>\n<p><span>Die Konfiguration der Cookie-Verwaltung h\u00e4ngt vom verwendeten Browser ab. Normalerweise erfolgt die Konfiguration von Cookies \u00fcber das Men\u00fc \u201eEinstellungen\u201c, \u201eExtras\u201c oder \u201eOptionen\u201c.<\/span><\/p>\n<p><span>Nachfolgend finden Sie die Links zu den Anleitungen zur Verwaltung von Cookies f\u00fcr die wichtigsten Browser:<\/span><\/p>\n<p><span>Internet Explorer:&nbsp;&nbsp;<\/span><a href=\"http:\/\/support.microsoft.com\/kb\/278835\" target=\"_blank\" rel=\"noopener\"><span>http:\/\/support.microsoft.com\/kb\/278835<\/span><\/a><br \/>\n<span>Microsoft Edge:&nbsp;<\/span><a href=\"https:\/\/support.microsoft.com\/it-it\/microsoft-edge\/eliminare-i-cookie-in-microsoft-edge-63947406-40ac-c3b8-57b9-2a946a29ae09\" target=\"_blank\" rel=\"noopener\"><span>https:\/\/support.microsoft.com\/it-it\/microsoft-edge\/eliminare-i-cookie-in-microsoft-edge-63947406 -40ac-c3b8-57b9-2a946a29ae09<\/span><\/a><br \/>\n<span>Chrome:&nbsp;&nbsp;<\/span><a href=\"http:\/\/support.google.com\/chrome\/bin\/answer.py?hl=en-GB&amp;answer=95647\" target=\"_blank\" rel=\"noopener\"><span>http:\/\/support.google.com\/chrome\/bin\/answer.py?hl=en-GB&amp;answer=95647<\/span><\/a><br \/>\n<span>Safari:&nbsp;&nbsp;<\/span><a href=\"https:\/\/support.apple.com\/it-it\/guide\/safari\/sfri11471\/mac\" target=\"_blank\" rel=\"noopener\"><span>https:\/\/support.apple.com\/it-it \/guide\/safari\/sfri11471\/mac<\/span><\/a><br \/>\n<span>Safari [mobile Version]:&nbsp;&nbsp;<\/span><a href=\"http:\/\/support.apple.com\/kb\/HT1677\" target=\"_blank\" rel=\"noopener\"><span>http:\/\/support.apple.com\/kb\/HT1677<\/span><\/a><br \/>\n<span>Firefox:&nbsp;&nbsp;<\/span><a href=\"http:\/\/support.mozilla.org\/en-US\/kb\/Enabling%20and%20disabling%20cookies\" target=\"_blank\" rel=\"noopener\"><span>http:\/\/support.mozilla.org\/en-US\/kb\/Enabling%20and%20disabling %20cookies<\/span><\/a><\/p>\n<p><strong><span>2. ERWEITERTE DATENSCHUTZERKL\u00c4RUNG<\/span><\/strong><\/p>\n<p><a name=\"_Hlk90393340\"><\/a><span>Weitere Informationen zur Verarbeitung personenbezogener Daten durch den Datenverantwortlichen finden Sie in den erweiterten Informationen unter dem Link \u201eDatenschutzerkl\u00e4rung\u201c in der Fu\u00dfzeile (unterer Teil) der Website.<\/span><\/p>\n","protected":false},"excerpt":{"rendered":"<p>Cookie-Richtlinie Cookie-Richtlinie Diese Informationen gem\u00e4\u00df Art. 13 der DSGVO \u2013 EU-Verordnung 2016\/679 und Art. Art. 122 Gesetzesdekret 196\/2003 (im Folgenden \u201e&nbsp;Datenschutzkodex&nbsp;\u201c) beschreibt die Verwaltungsmethoden dieser Website, die Eigentum von&nbsp;HOTEL CASTELLO \u2013 SARA SrL ist&nbsp;. in Bezug auf die Verarbeitung personenbezogener Daten der Benutzer, die diese konsultieren, auch gem\u00e4\u00df den Bestimmungen der Bestimmung des Datenschutzgaranten vom [&hellip;]<\/p>\n","protected":false},"author":1,"featured_media":0,"parent":0,"menu_order":0,"comment_status":"closed","ping_status":"closed","template":"","meta":{"_et_pb_use_builder":"","_et_pb_old_content":"","_et_gb_content_width":"","ngg_post_thumbnail":0,"footnotes":""},"yoast_head":"<!-- This site is optimized with the Yoast SEO plugin v22.9 - https:\/\/yoast.com\/wordpress\/plugins\/seo\/ -->\n<title>Web Policy Privacy - Hotel Antonella Malcesine<\/title>\n<meta name=\"robots\" content=\"index, follow, max-snippet:-1, max-image-preview:large, max-video-preview:-1\" \/>\n<link rel=\"canonical\" href=\"https:\/\/www.hotelantonellamalcesine.it\/de\/web-policy-privacy\/\" \/>\n<meta property=\"og:locale\" content=\"de_DE\" \/>\n<meta property=\"og:type\" content=\"article\" \/>\n<meta property=\"og:title\" content=\"Web Policy Privacy - Hotel Antonella Malcesine\" \/>\n<meta property=\"og:description\" content=\"Cookie-Richtlinie Cookie-Richtlinie Diese Informationen gem\u00e4\u00df Art. 13 der DSGVO \u2013 EU-Verordnung 2016\/679 und Art. Art. 122 Gesetzesdekret 196\/2003 (im Folgenden \u201e&nbsp;Datenschutzkodex&nbsp;\u201c) beschreibt die Verwaltungsmethoden dieser Website, die Eigentum von&nbsp;HOTEL CASTELLO \u2013 SARA SrL ist&nbsp;. in Bezug auf die Verarbeitung personenbezogener Daten der Benutzer, die diese konsultieren, auch gem\u00e4\u00df den Bestimmungen der Bestimmung des Datenschutzgaranten vom [&hellip;]\" \/>\n<meta property=\"og:url\" content=\"https:\/\/www.hotelantonellamalcesine.it\/de\/web-policy-privacy\/\" \/>\n<meta property=\"og:site_name\" content=\"Hotel Antonella Malcesine\" \/>\n<meta property=\"article:modified_time\" content=\"2024-07-03T13:12:22+00:00\" \/>\n<meta name=\"twitter:card\" content=\"summary_large_image\" \/>\n<meta name=\"twitter:label1\" content=\"Gesch\u00e4tzte Lesezeit\" \/>\n\t<meta name=\"twitter:data1\" content=\"5\u00a0Minuten\" \/>\n<script type=\"application\/ld+json\" class=\"yoast-schema-graph\">{\"@context\":\"https:\/\/schema.org\",\"@graph\":[{\"@type\":\"WebPage\",\"@id\":\"https:\/\/www.hotelantonellamalcesine.it\/de\/web-policy-privacy\/\",\"url\":\"https:\/\/www.hotelantonellamalcesine.it\/de\/web-policy-privacy\/\",\"name\":\"Web Policy Privacy - Hotel Antonella Malcesine\",\"isPartOf\":{\"@id\":\"https:\/\/www.hotelantonellamalcesine.it\/#website\"},\"datePublished\":\"2017-02-17T08:25:09+00:00\",\"dateModified\":\"2024-07-03T13:12:22+00:00\",\"breadcrumb\":{\"@id\":\"https:\/\/www.hotelantonellamalcesine.it\/de\/web-policy-privacy\/#breadcrumb\"},\"inLanguage\":\"de\",\"potentialAction\":[{\"@type\":\"ReadAction\",\"target\":[\"https:\/\/www.hotelantonellamalcesine.it\/de\/web-policy-privacy\/\"]}]},{\"@type\":\"BreadcrumbList\",\"@id\":\"https:\/\/www.hotelantonellamalcesine.it\/de\/web-policy-privacy\/#breadcrumb\",\"itemListElement\":[{\"@type\":\"ListItem\",\"position\":1,\"name\":\"Home\",\"item\":\"https:\/\/www.hotelantonellamalcesine.it\/de\/\"},{\"@type\":\"ListItem\",\"position\":2,\"name\":\"Web Policy Privacy\"}]},{\"@type\":\"WebSite\",\"@id\":\"https:\/\/www.hotelantonellamalcesine.it\/#website\",\"url\":\"https:\/\/www.hotelantonellamalcesine.it\/\",\"name\":\"SILGI DI ZAMBONI SILVANA E C. SNC\",\"description\":\"Hotel a Malcesine vista lago\",\"publisher\":{\"@id\":\"https:\/\/www.hotelantonellamalcesine.it\/#organization\"},\"potentialAction\":[{\"@type\":\"SearchAction\",\"target\":{\"@type\":\"EntryPoint\",\"urlTemplate\":\"https:\/\/www.hotelantonellamalcesine.it\/?s={search_term_string}\"},\"query-input\":\"required name=search_term_string\"}],\"inLanguage\":\"de\"},{\"@type\":\"Organization\",\"@id\":\"https:\/\/www.hotelantonellamalcesine.it\/#organization\",\"name\":\"SILGI DI ZAMBONI SILVANA E C. SNC\",\"url\":\"https:\/\/www.hotelantonellamalcesine.it\/\",\"logo\":{\"@type\":\"ImageObject\",\"inLanguage\":\"de\",\"@id\":\"https:\/\/www.hotelantonellamalcesine.it\/#\/schema\/logo\/image\/\",\"url\":\"https:\/\/www.hotelantonellamalcesine.it\/wp-content\/uploads\/2024\/02\/Group-863.png\",\"contentUrl\":\"https:\/\/www.hotelantonellamalcesine.it\/wp-content\/uploads\/2024\/02\/Group-863.png\",\"width\":178,\"height\":85,\"caption\":\"SILGI DI ZAMBONI SILVANA E C. SNC\"},\"image\":{\"@id\":\"https:\/\/www.hotelantonellamalcesine.it\/#\/schema\/logo\/image\/\"}}]}<\/script>\n<!-- \/ Yoast SEO plugin. -->","yoast_head_json":{"title":"Web Policy Privacy - Hotel Antonella Malcesine","robots":{"index":"index","follow":"follow","max-snippet":"max-snippet:-1","max-image-preview":"max-image-preview:large","max-video-preview":"max-video-preview:-1"},"canonical":"https:\/\/www.hotelantonellamalcesine.it\/de\/web-policy-privacy\/","og_locale":"de_DE","og_type":"article","og_title":"Web Policy Privacy - Hotel Antonella Malcesine","og_description":"Cookie-Richtlinie Cookie-Richtlinie Diese Informationen gem\u00e4\u00df Art. 13 der DSGVO \u2013 EU-Verordnung 2016\/679 und Art. Art. 122 Gesetzesdekret 196\/2003 (im Folgenden \u201e&nbsp;Datenschutzkodex&nbsp;\u201c) beschreibt die Verwaltungsmethoden dieser Website, die Eigentum von&nbsp;HOTEL CASTELLO \u2013 SARA SrL ist&nbsp;. in Bezug auf die Verarbeitung personenbezogener Daten der Benutzer, die diese konsultieren, auch gem\u00e4\u00df den Bestimmungen der Bestimmung des Datenschutzgaranten vom [&hellip;]","og_url":"https:\/\/www.hotelantonellamalcesine.it\/de\/web-policy-privacy\/","og_site_name":"Hotel Antonella Malcesine","article_modified_time":"2024-07-03T13:12:22+00:00","twitter_card":"summary_large_image","twitter_misc":{"Gesch\u00e4tzte Lesezeit":"5\u00a0Minuten"},"schema":{"@context":"https:\/\/schema.org","@graph":[{"@type":"WebPage","@id":"https:\/\/www.hotelantonellamalcesine.it\/de\/web-policy-privacy\/","url":"https:\/\/www.hotelantonellamalcesine.it\/de\/web-policy-privacy\/","name":"Web Policy Privacy - Hotel Antonella Malcesine","isPartOf":{"@id":"https:\/\/www.hotelantonellamalcesine.it\/#website"},"datePublished":"2017-02-17T08:25:09+00:00","dateModified":"2024-07-03T13:12:22+00:00","breadcrumb":{"@id":"https:\/\/www.hotelantonellamalcesine.it\/de\/web-policy-privacy\/#breadcrumb"},"inLanguage":"de","potentialAction":[{"@type":"ReadAction","target":["https:\/\/www.hotelantonellamalcesine.it\/de\/web-policy-privacy\/"]}]},{"@type":"BreadcrumbList","@id":"https:\/\/www.hotelantonellamalcesine.it\/de\/web-policy-privacy\/#breadcrumb","itemListElement":[{"@type":"ListItem","position":1,"name":"Home","item":"https:\/\/www.hotelantonellamalcesine.it\/de\/"},{"@type":"ListItem","position":2,"name":"Web Policy Privacy"}]},{"@type":"WebSite","@id":"https:\/\/www.hotelantonellamalcesine.it\/#website","url":"https:\/\/www.hotelantonellamalcesine.it\/","name":"SILGI DI ZAMBONI SILVANA E C. SNC","description":"Hotel a Malcesine vista lago","publisher":{"@id":"https:\/\/www.hotelantonellamalcesine.it\/#organization"},"potentialAction":[{"@type":"SearchAction","target":{"@type":"EntryPoint","urlTemplate":"https:\/\/www.hotelantonellamalcesine.it\/?s={search_term_string}"},"query-input":"required name=search_term_string"}],"inLanguage":"de"},{"@type":"Organization","@id":"https:\/\/www.hotelantonellamalcesine.it\/#organization","name":"SILGI DI ZAMBONI SILVANA E C. SNC","url":"https:\/\/www.hotelantonellamalcesine.it\/","logo":{"@type":"ImageObject","inLanguage":"de","@id":"https:\/\/www.hotelantonellamalcesine.it\/#\/schema\/logo\/image\/","url":"https:\/\/www.hotelantonellamalcesine.it\/wp-content\/uploads\/2024\/02\/Group-863.png","contentUrl":"https:\/\/www.hotelantonellamalcesine.it\/wp-content\/uploads\/2024\/02\/Group-863.png","width":178,"height":85,"caption":"SILGI DI ZAMBONI SILVANA E C. SNC"},"image":{"@id":"https:\/\/www.hotelantonellamalcesine.it\/#\/schema\/logo\/image\/"}}]}},"_links":{"self":[{"href":"https:\/\/www.hotelantonellamalcesine.it\/de\/wp-json\/wp\/v2\/pages\/611"}],"collection":[{"href":"https:\/\/www.hotelantonellamalcesine.it\/de\/wp-json\/wp\/v2\/pages"}],"about":[{"href":"https:\/\/www.hotelantonellamalcesine.it\/de\/wp-json\/wp\/v2\/types\/page"}],"author":[{"embeddable":true,"href":"https:\/\/www.hotelantonellamalcesine.it\/de\/wp-json\/wp\/v2\/users\/1"}],"replies":[{"embeddable":true,"href":"https:\/\/www.hotelantonellamalcesine.it\/de\/wp-json\/wp\/v2\/comments?post=611"}],"version-history":[{"count":1,"href":"https:\/\/www.hotelantonellamalcesine.it\/de\/wp-json\/wp\/v2\/pages\/611\/revisions"}],"predecessor-version":[{"id":919,"href":"https:\/\/www.hotelantonellamalcesine.it\/de\/wp-json\/wp\/v2\/pages\/611\/revisions\/919"}],"wp:attachment":[{"href":"https:\/\/www.hotelantonellamalcesine.it\/de\/wp-json\/wp\/v2\/media?parent=611"}],"curies":[{"name":"wp","href":"https:\/\/api.w.org\/{rel}","templated":true}]}}