{"id":565,"date":"2024-02-01T09:12:07","date_gmt":"2024-02-01T08:12:07","guid":{"rendered":"https:\/\/www.hotelantonellamalcesine.it\/offerte\/"},"modified":"2024-04-02T15:34:12","modified_gmt":"2024-04-02T13:34:12","slug":"angebote","status":"publish","type":"page","link":"https:\/\/www.hotelantonellamalcesine.it\/de\/angebote\/","title":{"rendered":"Angebote"},"content":{"rendered":"<p>[et_pb_section fb_built=&#8220;1&#8243; _builder_version=&#8220;4.24.0&#8243; _module_preset=&#8220;default&#8220; custom_padding=&#8220;11px|||||&#8220; locked=&#8220;off&#8220; global_colors_info=&#8220;{}&#8220;][et_pb_row column_structure=&#8220;1_2,1_2&#8243; make_equal=&#8220;on&#8220; _builder_version=&#8220;4.24.0&#8243; _module_preset=&#8220;default&#8220; width=&#8220;90%&#8220; global_colors_info=&#8220;{}&#8220;][et_pb_column type=&#8220;1_2&#8243; _builder_version=&#8220;4.24.0&#8243; _module_preset=&#8220;default&#8220; custom_css_main_element=&#8220;margin:auto;&#8220; global_colors_info=&#8220;{}&#8220;][et_pb_text _builder_version=&#8220;4.24.2&#8243; _module_preset=&#8220;default&#8220; text_text_color=&#8220;#fbbc33&#8243; text_font_size=&#8220;15px&#8220; header_font=&#8220;Varela|700|||||||&#8220; header_font_size=&#8220;40px&#8220; custom_margin=&#8220;||9px|||&#8220; hover_enabled=&#8220;0&#8243; header_font_size_tablet=&#8220;35px&#8220; header_font_size_phone=&#8220;30px&#8220; header_font_size_last_edited=&#8220;on|phone&#8220; global_colors_info=&#8220;{}&#8220; sticky_enabled=&#8220;0&#8243;]<\/p>\n<p>HOTEL ANTONELLA MALCESINE<\/p>\n<h1>Den absolut besten Preis finden Sie hier!<\/h1>\n<p>[\/et_pb_text][\/et_pb_column][et_pb_column type=&#8220;1_2&#8243; _builder_version=&#8220;4.24.0&#8243; _module_preset=&#8220;default&#8220; global_colors_info=&#8220;{}&#8220;][et_pb_image src=&#8220;https:\/\/www.hotelantonellamalcesine.it\/wp-content\/uploads\/2024\/02\/Hotel-Antonella-Malcesine-Home-Slider-04.webp&#8220; title_text=&#8220;Hotel-Antonella-Malcesine-Home-Slider-04&#8243; _builder_version=&#8220;4.24.0&#8243; _module_preset=&#8220;default&#8220; border_radii=&#8220;on|10px|10px|10px|10px&#8220; box_shadow_style=&#8220;preset1&#8243; global_colors_info=&#8220;{}&#8220;][\/et_pb_image][\/et_pb_column][\/et_pb_row][et_pb_row _builder_version=&#8220;4.24.0&#8243; _module_preset=&#8220;default&#8220; width=&#8220;90%&#8220; global_colors_info=&#8220;{}&#8220;][et_pb_column type=&#8220;4_4&#8243; _builder_version=&#8220;4.24.0&#8243; _module_preset=&#8220;default&#8220; global_colors_info=&#8220;{}&#8220;][dvppl_cf7_styler cf7=&#8220;329&#8243; _builder_version=&#8220;4.24.0&#8243; _module_preset=&#8220;default&#8220; labels_font=&#8220;Varela||||||||&#8220; labels_text_align=&#8220;center&#8220; labels_text_color=&#8220;#333333&#8243; labels_font_size=&#8220;15px&#8220; placeholder_text_color=&#8220;#333333&#8243; placeholder_font_size=&#8220;14px&#8220; custom_submit_button=&#8220;on&#8220; submit_button_text_size=&#8220;18px&#8220; submit_button_bg_color=&#8220;#fbbc33&#8243; submit_button_border_color=&#8220;#fbbc33&#8243; submit_button_border_radius=&#8220;0px&#8220; submit_button_font=&#8220;|||on|||||&#8220; submit_button_custom_padding=&#8220;12px|45px|12px|45px|true|true&#8220; border_radii_field=&#8220;on|10px|10px|10px|10px&#8220; border_width_all_field=&#8220;3px&#8220; border_color_all_field=&#8220;rgba(112,112,112,0.47)&#8220; locked=&#8220;off&#8220; global_colors_info=&#8220;{}&#8220;][\/dvppl_cf7_styler][\/et_pb_column][\/et_pb_row][\/et_pb_section][et_pb_section fb_built=&#8220;1&#8243; _builder_version=&#8220;4.24.0&#8243; _module_preset=&#8220;default&#8220; background_color=&#8220;#fbbc33&#8243; custom_padding=&#8220;0px||0px||true|false&#8220; locked=&#8220;off&#8220; global_colors_info=&#8220;{}&#8220;][et_pb_row _builder_version=&#8220;4.24.0&#8243; _module_preset=&#8220;default&#8220; width=&#8220;90%&#8220; global_colors_info=&#8220;{}&#8220;][et_pb_column type=&#8220;4_4&#8243; _builder_version=&#8220;4.24.0&#8243; _module_preset=&#8220;default&#8220; global_colors_info=&#8220;{}&#8220;][et_pb_text _builder_version=&#8220;4.24.2&#8243; _module_preset=&#8220;default&#8220; header_text_align=&#8220;center&#8220; header_text_color=&#8220;#FFFFFF&#8220; header_font_size=&#8220;40px&#8220; custom_margin=&#8220;||17px|||&#8220; hover_enabled=&#8220;0&#8243; header_font_size_tablet=&#8220;35px&#8220; header_font_size_phone=&#8220;25px&#8220; header_font_size_last_edited=&#8220;on|phone&#8220; global_colors_info=&#8220;{}&#8220; sticky_enabled=&#8220;0&#8243;]<\/p>\n<h1>Unsere wunderbare Aussicht wartet auf Sie!<\/h1>\n<p>[\/et_pb_text][et_pb_button button_url=&#8220;@ET-DC@eyJkeW5hbWljIjp0cnVlLCJjb250ZW50IjoicG9zdF9saW5rX3VybF9wYWdlIiwic2V0dGluZ3MiOnsicG9zdF9pZCI6IjgwIn19@&#8220; button_text=&#8220;JETZT KONTAKT AUFNAHME&#8220; button_alignment=&#8220;center&#8220; _builder_version=&#8220;4.24.2&#8243; _dynamic_attributes=&#8220;button_url&#8220; _module_preset=&#8220;default&#8220; custom_button=&#8220;on&#8220; button_text_size=&#8220;18px&#8220; button_text_color=&#8220;#FFFFFF&#8220; button_bg_color=&#8220;RGBA(255,255,255,0)&#8220; button_border_color=&#8220;#ffffff&#8220; button_border_radius=&#8220;0px&#8220; button_icon=&#8220;&#x24;||divi||400&#8243; custom_padding=&#8220;13px||13px||true|false&#8220; hover_enabled=&#8220;0&#8243; global_colors_info=&#8220;{}&#8220; sticky_enabled=&#8220;0&#8243;][\/et_pb_button][\/et_pb_column][\/et_pb_row][\/et_pb_section]<\/p>\n","protected":false},"excerpt":{"rendered":"<p>HOTEL ANTONELLA MALCESINE Den absolut besten Preis finden Sie hier!<div class=\"et_pb_with_border et_pb_module dvppl_cf7_styler dvppl_cf7_styler_0\">\n\t\t\t\t\n\t\t\t\t\n\t\t\t\t\n\t\t\t\t\n\t\t\t\t\n\t\t\t\t\n\t\t\t\t<div class=\"et_pb_module_inner\">\n\t\t\t\t\t<div class=\"dipe-cf7-container dipe-cf7-button-left\">\n\t\t\t\t\n\t\t\t\t<div class=\"dipe-cf7 dipe-cf7-styler \">\n\t\t\t\t\t\n<div class=\"wpcf7 no-js\" id=\"wpcf7-f834-o1\" lang=\"de-DE\" dir=\"ltr\">\n<div class=\"screen-reader-response\"><p role=\"status\" aria-live=\"polite\" aria-atomic=\"true\"><\/p> <ul><\/ul><\/div>\n<form action=\"\/de\/wp-json\/wp\/v2\/pages\/565#wpcf7-f834-o1\" method=\"post\" class=\"wpcf7-form init\" aria-label=\"Kontaktformular\" novalidate=\"novalidate\" data-status=\"init\">\n<div style=\"display: none;\">\n<input type=\"hidden\" name=\"_wpcf7\" value=\"834\" \/>\n<input type=\"hidden\" name=\"_wpcf7_version\" value=\"5.9.6\" \/>\n<input type=\"hidden\" name=\"_wpcf7_locale\" value=\"de_DE\" \/>\n<input type=\"hidden\" name=\"_wpcf7_unit_tag\" value=\"wpcf7-f834-o1\" \/>\n<input type=\"hidden\" name=\"_wpcf7_container_post\" value=\"0\" \/>\n<input type=\"hidden\" name=\"_wpcf7_posted_data_hash\" value=\"\" \/>\n<input type=\"hidden\" name=\"_wpcf7_recaptcha_response\" value=\"\" \/>\n<\/div>\n<div class=\"riga-flex\">\n\t<p><span class=\"wpcf7-form-control-wrap\" data-name=\"your-name\"><input size=\"40\" maxlength=\"80\" class=\"wpcf7-form-control wpcf7-text wpcf7-validates-as-required\" aria-required=\"true\" aria-invalid=\"false\" placeholder=\"Name*\" value=\"\" type=\"text\" name=\"your-name\" \/><\/span>\n\t<\/p>\n\t<p><span class=\"wpcf7-form-control-wrap\" data-name=\"your-surname\"><input size=\"40\" maxlength=\"80\" class=\"wpcf7-form-control wpcf7-text wpcf7-validates-as-required\" aria-required=\"true\" aria-invalid=\"false\" placeholder=\"Nachname*\" value=\"\" type=\"text\" name=\"your-surname\" \/><\/span>\n\t<\/p>\n<\/div>\n<div class=\"riga-flex\">\n\t<p><span class=\"wpcf7-form-control-wrap\" data-name=\"Via\"><input size=\"40\" maxlength=\"80\" class=\"wpcf7-form-control wpcf7-text wpcf7-validates-as-required\" aria-required=\"true\" aria-invalid=\"false\" placeholder=\"\u00dcber*\" value=\"\" type=\"text\" name=\"Via\" \/><\/span>\n\t<\/p>\n\t<p><span class=\"wpcf7-form-control-wrap\" data-name=\"CAP\"><input size=\"40\" maxlength=\"80\" class=\"wpcf7-form-control wpcf7-text wpcf7-validates-as-required\" aria-required=\"true\" aria-invalid=\"false\" placeholder=\"Post Code*\" value=\"\" type=\"text\" name=\"CAP\" \/><\/span>\n\t<\/p>\n<\/div>\n<div class=\"riga-flex\">\n\t<p><span class=\"wpcf7-form-control-wrap\" data-name=\"Nazione\"><input size=\"40\" maxlength=\"80\" class=\"wpcf7-form-control wpcf7-text wpcf7-validates-as-required\" aria-required=\"true\" aria-invalid=\"false\" placeholder=\"Nation*\" value=\"\" type=\"text\" name=\"Nazione\" \/><\/span>\n\t<\/p>\n\t<p><span class=\"wpcf7-form-control-wrap\" data-name=\"Telefono\"><input size=\"40\" maxlength=\"80\" class=\"wpcf7-form-control wpcf7-tel wpcf7-validates-as-required wpcf7-text wpcf7-validates-as-tel\" aria-required=\"true\" aria-invalid=\"false\" placeholder=\"Telefon*\" value=\"\" type=\"tel\" name=\"Telefono\" \/><\/span>\n\t<\/p>\n<\/div>\n<div class=\"riga-flex\">\n\t<p><label>Datum der Ankunft<\/label><span class=\"wpcf7-form-control-wrap\" data-name=\"Datadiarrivo\"><input class=\"wpcf7-form-control wpcf7-date wpcf7-validates-as-required wpcf7-validates-as-date\" aria-required=\"true\" aria-invalid=\"false\" placeholder=\"Datum der Ankunft\" value=\"\" type=\"date\" name=\"Datadiarrivo\" \/><\/span>\n\t<\/p>\n\t<p><label>Datum der Abreise<\/label><span class=\"wpcf7-form-control-wrap\" data-name=\"Datadipartenza\"><input class=\"wpcf7-form-control wpcf7-date wpcf7-validates-as-required wpcf7-validates-as-date\" aria-required=\"true\" aria-invalid=\"false\" placeholder=\"Datum der Abreise\" value=\"\" type=\"date\" name=\"Datadipartenza\" \/><\/span>\n\t<\/p>\n<\/div>\n<p><span class=\"wpcf7-form-control-wrap\" data-name=\"E-mail\"><input size=\"40\" maxlength=\"80\" class=\"wpcf7-form-control wpcf7-email wpcf7-validates-as-required wpcf7-text wpcf7-validates-as-email\" aria-required=\"true\" aria-invalid=\"false\" placeholder=\"E-mail*\" value=\"\" type=\"email\" name=\"E-mail\" \/><\/span>\n<\/p>\n<p><label>Besondere Anfragen<\/label><span class=\"wpcf7-form-control-wrap\" data-name=\"your-message\"><textarea cols=\"40\" rows=\"10\" maxlength=\"400\" class=\"wpcf7-form-control wpcf7-textarea\" aria-invalid=\"false\" placeholder=\"Nachricht\" name=\"your-message\"><\/textarea><\/span>\n<\/p>\n<div class=\"privacy\">\n\t<p>Der Unterzeichner informiert hiermit \u00fcber die Verwendung der personenbezogenen Daten, die Sie durch das Ausf\u00fcllen dieses Formulars zur Verf\u00fcgung stellen, in \u00dcbereinstimmung mit den Bestimmungen der Verordnung (EU) 2016\/679 zum Schutz nat\u00fcrlicher Personen bei der Verarbeitung personenbezogener Daten und zum freien Datenverkehr (auch bekannt als GDPR). Die Sie betreffenden Daten, die Sie freiwillig durch das Ausf\u00fcllen von Computerformularen zur Verf\u00fcgung stellen, werden ausschlie\u00dflich zu dem Zweck erhoben, den Kontakt mit dem Unternehmen zu erm\u00f6glichen und gegebenenfalls den mit Ihnen geschlossenen Vertrag zu erf\u00fcllen. Sie sind verpflichtet, uns die betreffenden Daten mitzuteilen; wenn Sie sich weigern, k\u00f6nnen wir Ihnen das angeforderte Produkt\/die angeforderte Dienstleistung nicht liefern (und Sie k\u00f6nnten wegen Vertragsbruchs haftbar gemacht werden) und auf jeden Fall Ihren Antrag nicht bearbeiten. Innerhalb unserer Struktur k\u00f6nnen nur die mit der Datenverarbeitung beauftragten Personen zu den oben genannten Zwecken Kenntnis von Ihren Daten erhalten. Wir m\u00f6chten Sie auch daran erinnern, dass Sie durch einen speziellen Antrag an den f\u00fcr die Datenverarbeitung Verantwortlichen alle in den Artikeln 15 bis 22 der oben genannten EU-Verordnung vorgesehenen Rechte aus\u00fcben k\u00f6nnen, die Ihnen insbesondere das Recht auf Zugang zu Ihren personenbezogenen Daten und auf Anfertigung einer Kopie davon (Art. 15 DSGVO), auf deren Berichtigung (Art. 16 DSGVO) und L\u00f6schung (Art. 17 DSGVO), auf Einschr\u00e4nkung der Sie betreffenden Verarbeitung (Art. 18 GDPR), die \u00dcbertragbarkeit der Daten (Art. 20 GDPR, wenn die Bedingungen erf\u00fcllt sind) und das Recht, der Verarbeitung Ihrer Daten zu widersprechen (Art. 21 und 22 GDPR, f\u00fcr die dort genannten F\u00e4lle und insbesondere f\u00fcr die Verarbeitung zu Marketingzwecken oder die zu einer automatisierten Entscheidungsfindung, einschlie\u00dflich Profiling, f\u00fchrt, die rechtliche Auswirkungen auf Sie hat, wenn die Bedingungen erf\u00fcllt sind). Wir erinnern Sie auch an Ihr Recht, wenn die Verarbeitung auf einer Einwilligung beruht, diese Einwilligung jederzeit zu widerrufen, unbeschadet der Rechtm\u00e4\u00dfigkeit der Verarbeitung auf der Grundlage der vor dem Widerruf erteilten Einwilligung; zu diesem Zweck k\u00f6nnen Sie sich jederzeit an den f\u00fcr die Verarbeitung Verantwortlichen unter den auf der Website ver\u00f6ffentlichten Kontaktdaten wenden. Wir informieren Sie auch \u00fcber Ihr Recht, eine Beschwerde bei der italienischen Datenschutzbeh\u00f6rde als der in Italien t\u00e4tigen Aufsichtsbeh\u00f6rde einzureichen und einen gerichtlichen Rechtsbehelf sowohl gegen eine Entscheidung der Aufsichtsbeh\u00f6rde als auch gegen den f\u00fcr die Verarbeitung Verantwortlichen selbst und\/oder einen Datenverarbeiter einzulegen.\n\t<\/p>\n<\/div>\n<p><span class=\"wpcf7-form-control-wrap\" data-name=\"checkbox-899\"><span class=\"wpcf7-form-control wpcf7-checkbox wpcf7-validates-as-required\"><span class=\"wpcf7-list-item first last\"><input type=\"checkbox\" name=\"checkbox-899[]\" value=\"*  Ich habe die Datenschutzbestimmungen gelesen und akzeptiere sie\" \/><span class=\"wpcf7-list-item-label\">*  Ich habe die Datenschutzbestimmungen gelesen und akzeptiere sie<\/span><\/span><\/span><\/span>\n<\/p>\n<p><input class=\"wpcf7-form-control wpcf7-submit has-spinner\" type=\"submit\" value=\"Senden Sie\" \/>\n<\/p><div class=\"wpcf7-response-output\" aria-hidden=\"true\"><\/div>\n<\/form>\n<\/div>\n\n\t\t\t\t<\/div>\n\t\t\t<\/div>\n\t\t\t\t<\/div>\n\t\t\t<\/div>Unsere wunderbare Aussicht wartet auf Sie!<\/p>\n","protected":false},"author":1,"featured_media":566,"parent":0,"menu_order":0,"comment_status":"closed","ping_status":"closed","template":"","meta":{"_et_pb_use_builder":"on","_et_pb_old_content":"","_et_gb_content_width":"","ngg_post_thumbnail":0,"footnotes":""},"yoast_head":"<!-- This site is optimized with the Yoast SEO plugin v22.9 - https:\/\/yoast.com\/wordpress\/plugins\/seo\/ -->\n<title>Angebote - Hotel Antonella Malcesine<\/title>\n<meta name=\"robots\" content=\"index, follow, max-snippet:-1, max-image-preview:large, max-video-preview:-1\" \/>\n<link rel=\"canonical\" href=\"https:\/\/www.hotelantonellamalcesine.it\/de\/angebote\/\" \/>\n<meta property=\"og:locale\" content=\"de_DE\" \/>\n<meta property=\"og:type\" content=\"article\" \/>\n<meta property=\"og:title\" content=\"Angebote - Hotel Antonella Malcesine\" \/>\n<meta property=\"og:description\" content=\"HOTEL ANTONELLA MALCESINE Den absolut besten Preis finden Sie hier!Unsere wunderbare Aussicht wartet auf Sie!\" \/>\n<meta property=\"og:url\" content=\"https:\/\/www.hotelantonellamalcesine.it\/de\/angebote\/\" \/>\n<meta property=\"og:site_name\" content=\"Hotel Antonella Malcesine\" \/>\n<meta property=\"article:modified_time\" content=\"2024-04-02T13:34:12+00:00\" \/>\n<meta property=\"og:image\" content=\"https:\/\/www.hotelantonellamalcesine.it\/wp-content\/uploads\/2024\/02\/Hotel-Antonella-Malcesine-Home-Slider-04.webp\" \/>\n\t<meta property=\"og:image:width\" content=\"1000\" \/>\n\t<meta property=\"og:image:height\" content=\"860\" \/>\n\t<meta property=\"og:image:type\" content=\"image\/webp\" \/>\n<meta name=\"twitter:card\" content=\"summary_large_image\" \/>\n<meta name=\"twitter:label1\" content=\"Gesch\u00e4tzte Lesezeit\" \/>\n\t<meta name=\"twitter:data1\" content=\"3\u00a0Minuten\" \/>\n<script type=\"application\/ld+json\" class=\"yoast-schema-graph\">{\"@context\":\"https:\/\/schema.org\",\"@graph\":[{\"@type\":\"WebPage\",\"@id\":\"https:\/\/www.hotelantonellamalcesine.it\/de\/angebote\/\",\"url\":\"https:\/\/www.hotelantonellamalcesine.it\/de\/angebote\/\",\"name\":\"Angebote - Hotel Antonella Malcesine\",\"isPartOf\":{\"@id\":\"https:\/\/www.hotelantonellamalcesine.it\/#website\"},\"primaryImageOfPage\":{\"@id\":\"https:\/\/www.hotelantonellamalcesine.it\/de\/angebote\/#primaryimage\"},\"image\":{\"@id\":\"https:\/\/www.hotelantonellamalcesine.it\/de\/angebote\/#primaryimage\"},\"thumbnailUrl\":\"https:\/\/www.hotelantonellamalcesine.it\/wp-content\/uploads\/2024\/02\/Hotel-Antonella-Malcesine-Home-Slider-04.webp\",\"datePublished\":\"2024-02-01T08:12:07+00:00\",\"dateModified\":\"2024-04-02T13:34:12+00:00\",\"breadcrumb\":{\"@id\":\"https:\/\/www.hotelantonellamalcesine.it\/de\/angebote\/#breadcrumb\"},\"inLanguage\":\"de\",\"potentialAction\":[{\"@type\":\"ReadAction\",\"target\":[\"https:\/\/www.hotelantonellamalcesine.it\/de\/angebote\/\"]}]},{\"@type\":\"ImageObject\",\"inLanguage\":\"de\",\"@id\":\"https:\/\/www.hotelantonellamalcesine.it\/de\/angebote\/#primaryimage\",\"url\":\"https:\/\/www.hotelantonellamalcesine.it\/wp-content\/uploads\/2024\/02\/Hotel-Antonella-Malcesine-Home-Slider-04.webp\",\"contentUrl\":\"https:\/\/www.hotelantonellamalcesine.it\/wp-content\/uploads\/2024\/02\/Hotel-Antonella-Malcesine-Home-Slider-04.webp\",\"width\":1000,\"height\":860},{\"@type\":\"BreadcrumbList\",\"@id\":\"https:\/\/www.hotelantonellamalcesine.it\/de\/angebote\/#breadcrumb\",\"itemListElement\":[{\"@type\":\"ListItem\",\"position\":1,\"name\":\"Home\",\"item\":\"https:\/\/www.hotelantonellamalcesine.it\/de\/\"},{\"@type\":\"ListItem\",\"position\":2,\"name\":\"Angebote\"}]},{\"@type\":\"WebSite\",\"@id\":\"https:\/\/www.hotelantonellamalcesine.it\/#website\",\"url\":\"https:\/\/www.hotelantonellamalcesine.it\/\",\"name\":\"SILGI DI ZAMBONI SILVANA E C. SNC\",\"description\":\"Hotel a Malcesine vista lago\",\"publisher\":{\"@id\":\"https:\/\/www.hotelantonellamalcesine.it\/#organization\"},\"potentialAction\":[{\"@type\":\"SearchAction\",\"target\":{\"@type\":\"EntryPoint\",\"urlTemplate\":\"https:\/\/www.hotelantonellamalcesine.it\/?s={search_term_string}\"},\"query-input\":\"required name=search_term_string\"}],\"inLanguage\":\"de\"},{\"@type\":\"Organization\",\"@id\":\"https:\/\/www.hotelantonellamalcesine.it\/#organization\",\"name\":\"SILGI DI ZAMBONI SILVANA E C. SNC\",\"url\":\"https:\/\/www.hotelantonellamalcesine.it\/\",\"logo\":{\"@type\":\"ImageObject\",\"inLanguage\":\"de\",\"@id\":\"https:\/\/www.hotelantonellamalcesine.it\/#\/schema\/logo\/image\/\",\"url\":\"https:\/\/www.hotelantonellamalcesine.it\/wp-content\/uploads\/2024\/02\/Group-863.png\",\"contentUrl\":\"https:\/\/www.hotelantonellamalcesine.it\/wp-content\/uploads\/2024\/02\/Group-863.png\",\"width\":178,\"height\":85,\"caption\":\"SILGI DI ZAMBONI SILVANA E C. SNC\"},\"image\":{\"@id\":\"https:\/\/www.hotelantonellamalcesine.it\/#\/schema\/logo\/image\/\"}}]}<\/script>\n<!-- \/ Yoast SEO plugin. -->","yoast_head_json":{"title":"Angebote - Hotel Antonella Malcesine","robots":{"index":"index","follow":"follow","max-snippet":"max-snippet:-1","max-image-preview":"max-image-preview:large","max-video-preview":"max-video-preview:-1"},"canonical":"https:\/\/www.hotelantonellamalcesine.it\/de\/angebote\/","og_locale":"de_DE","og_type":"article","og_title":"Angebote - Hotel Antonella Malcesine","og_description":"HOTEL ANTONELLA MALCESINE Den absolut besten Preis finden Sie hier!Unsere wunderbare Aussicht wartet auf Sie!","og_url":"https:\/\/www.hotelantonellamalcesine.it\/de\/angebote\/","og_site_name":"Hotel Antonella Malcesine","article_modified_time":"2024-04-02T13:34:12+00:00","og_image":[{"width":1000,"height":860,"url":"https:\/\/www.hotelantonellamalcesine.it\/wp-content\/uploads\/2024\/02\/Hotel-Antonella-Malcesine-Home-Slider-04.webp","type":"image\/webp"}],"twitter_card":"summary_large_image","twitter_misc":{"Gesch\u00e4tzte Lesezeit":"3\u00a0Minuten"},"schema":{"@context":"https:\/\/schema.org","@graph":[{"@type":"WebPage","@id":"https:\/\/www.hotelantonellamalcesine.it\/de\/angebote\/","url":"https:\/\/www.hotelantonellamalcesine.it\/de\/angebote\/","name":"Angebote - Hotel Antonella Malcesine","isPartOf":{"@id":"https:\/\/www.hotelantonellamalcesine.it\/#website"},"primaryImageOfPage":{"@id":"https:\/\/www.hotelantonellamalcesine.it\/de\/angebote\/#primaryimage"},"image":{"@id":"https:\/\/www.hotelantonellamalcesine.it\/de\/angebote\/#primaryimage"},"thumbnailUrl":"https:\/\/www.hotelantonellamalcesine.it\/wp-content\/uploads\/2024\/02\/Hotel-Antonella-Malcesine-Home-Slider-04.webp","datePublished":"2024-02-01T08:12:07+00:00","dateModified":"2024-04-02T13:34:12+00:00","breadcrumb":{"@id":"https:\/\/www.hotelantonellamalcesine.it\/de\/angebote\/#breadcrumb"},"inLanguage":"de","potentialAction":[{"@type":"ReadAction","target":["https:\/\/www.hotelantonellamalcesine.it\/de\/angebote\/"]}]},{"@type":"ImageObject","inLanguage":"de","@id":"https:\/\/www.hotelantonellamalcesine.it\/de\/angebote\/#primaryimage","url":"https:\/\/www.hotelantonellamalcesine.it\/wp-content\/uploads\/2024\/02\/Hotel-Antonella-Malcesine-Home-Slider-04.webp","contentUrl":"https:\/\/www.hotelantonellamalcesine.it\/wp-content\/uploads\/2024\/02\/Hotel-Antonella-Malcesine-Home-Slider-04.webp","width":1000,"height":860},{"@type":"BreadcrumbList","@id":"https:\/\/www.hotelantonellamalcesine.it\/de\/angebote\/#breadcrumb","itemListElement":[{"@type":"ListItem","position":1,"name":"Home","item":"https:\/\/www.hotelantonellamalcesine.it\/de\/"},{"@type":"ListItem","position":2,"name":"Angebote"}]},{"@type":"WebSite","@id":"https:\/\/www.hotelantonellamalcesine.it\/#website","url":"https:\/\/www.hotelantonellamalcesine.it\/","name":"SILGI DI ZAMBONI SILVANA E C. SNC","description":"Hotel a Malcesine vista lago","publisher":{"@id":"https:\/\/www.hotelantonellamalcesine.it\/#organization"},"potentialAction":[{"@type":"SearchAction","target":{"@type":"EntryPoint","urlTemplate":"https:\/\/www.hotelantonellamalcesine.it\/?s={search_term_string}"},"query-input":"required name=search_term_string"}],"inLanguage":"de"},{"@type":"Organization","@id":"https:\/\/www.hotelantonellamalcesine.it\/#organization","name":"SILGI DI ZAMBONI SILVANA E C. SNC","url":"https:\/\/www.hotelantonellamalcesine.it\/","logo":{"@type":"ImageObject","inLanguage":"de","@id":"https:\/\/www.hotelantonellamalcesine.it\/#\/schema\/logo\/image\/","url":"https:\/\/www.hotelantonellamalcesine.it\/wp-content\/uploads\/2024\/02\/Group-863.png","contentUrl":"https:\/\/www.hotelantonellamalcesine.it\/wp-content\/uploads\/2024\/02\/Group-863.png","width":178,"height":85,"caption":"SILGI DI ZAMBONI SILVANA E C. SNC"},"image":{"@id":"https:\/\/www.hotelantonellamalcesine.it\/#\/schema\/logo\/image\/"}}]}},"_links":{"self":[{"href":"https:\/\/www.hotelantonellamalcesine.it\/de\/wp-json\/wp\/v2\/pages\/565"}],"collection":[{"href":"https:\/\/www.hotelantonellamalcesine.it\/de\/wp-json\/wp\/v2\/pages"}],"about":[{"href":"https:\/\/www.hotelantonellamalcesine.it\/de\/wp-json\/wp\/v2\/types\/page"}],"author":[{"embeddable":true,"href":"https:\/\/www.hotelantonellamalcesine.it\/de\/wp-json\/wp\/v2\/users\/1"}],"replies":[{"embeddable":true,"href":"https:\/\/www.hotelantonellamalcesine.it\/de\/wp-json\/wp\/v2\/comments?post=565"}],"version-history":[{"count":3,"href":"https:\/\/www.hotelantonellamalcesine.it\/de\/wp-json\/wp\/v2\/pages\/565\/revisions"}],"predecessor-version":[{"id":652,"href":"https:\/\/www.hotelantonellamalcesine.it\/de\/wp-json\/wp\/v2\/pages\/565\/revisions\/652"}],"wp:featuredmedia":[{"embeddable":true,"href":"https:\/\/www.hotelantonellamalcesine.it\/de\/wp-json\/wp\/v2\/media\/566"}],"wp:attachment":[{"href":"https:\/\/www.hotelantonellamalcesine.it\/de\/wp-json\/wp\/v2\/media?parent=565"}],"curies":[{"name":"wp","href":"https:\/\/api.w.org\/{rel}","templated":true}]}}